{"id":3,"date":"2025-08-13T09:20:59","date_gmt":"2025-08-13T09:20:59","guid":{"rendered":"http:\/\/jeremyrobert.net\/?page_id=3"},"modified":"2025-09-01T10:55:53","modified_gmt":"2025-09-01T08:55:53","slug":"privacy-policy","status":"publish","type":"page","link":"https:\/\/jeremyrobert.net\/en\/privacy-policy\/","title":{"rendered":"Privacy Policy"},"content":{"rendered":"<h2 class=\"wp-block-heading\">Who am I?<\/h2>\n\n\n\n<p>J\u00e9r\u00e9my Robert, young padel player.<br>My website address is: <a href=\"https:\/\/jeremyrobert.net\/en\/\">https:\/\/jeremyrobert.net<\/a><\/p>\n\n\n\n<h2 class=\"wp-block-heading\">Comments<\/h2>\n\n\n\n<p>When a visitor leaves a comment on the site, we collect the data displayed in the comment form, as well as the visitor's IP address and browser user agent string to help detect spam. The site uses the Askimet anti-spam extension.<\/p>\n\n\n\n<p>An anonymised string created from your email address may be provided to the Gravatar avatar centralisation service to check whether you use it. The Gravatar service's privacy policy is available here: <a href=\"https:\/\/automattic.com\/privacy\" target=\"_blank\" rel=\"noreferrer noopener nofollow\">https:\/\/automattic.com\/privacy<\/a>. After your comment has been approved, your profile picture will be publicly visible next to your comment.<\/p>\n\n\n\n<h2 class=\"wp-block-heading\">Messages<\/h2>\n\n\n\n<p>Si vous utilisez le formulaire de contact pour m&rsquo;envoyer un message, les informations saisies, nom, adresse email et message ne seront ni enregistr\u00e9es, ni publi\u00e9es, ni partag\u00e9es. Elles me seront simplement transmises par courrier \u00e9lectronique pour que je puisse vous lire, et, le cas \u00e9ch\u00e9ant, vous r\u00e9pondre.<\/p>\n\n\n\n<p><span class=\"wp-rich-text-font-awesome-icon wp-font-awesome-icon\"><svg aria-hidden=\"true\" focusable=\"false\" data-prefix=\"fas\" data-icon=\"arrow-right\" class=\"svg-inline--fa fa-arrow-right\" role=\"img\" xmlns=\"http:\/\/www.w3.org\/2000\/svg\" viewbox=\"0 0 512 512\"><path fill=\"currentColor\" d=\"M502.6 278.6c12.5-12.5 12.5-32.8 0-45.3l-160-160c-12.5-12.5-32.8-12.5-45.3 0s-12.5 32.8 0 45.3L402.7 224 32 224c-17.7 0-32 14.3-32 32s14.3 32 32 32l370.7 0-105.4 105.4c-12.5 12.5-12.5 32.8 0 45.3s32.8 12.5 45.3 0l160-160z\"><\/path><\/svg><\/span> View <a href=\"https:\/\/jeremyrobert.net\/en\/contact\/\" title=\"Contact form\">contact me form<\/a><\/p>\n\n\n\n<h2 class=\"wp-block-heading\">Cookies<\/h2>\n\n\n\n<p>If you leave a comment on the website, you may choose to save your name, email address, and website in cookies. These cookies are only for your convenience so that you do not have to re-enter them when you leave another comment. These cookies will last for one year.<\/p>\n\n\n\n<p><span class=\"wp-rich-text-font-awesome-icon wp-font-awesome-icon\"><svg aria-hidden=\"true\" focusable=\"false\" data-prefix=\"fas\" data-icon=\"arrow-right\" class=\"svg-inline--fa fa-arrow-right\" role=\"img\" xmlns=\"http:\/\/www.w3.org\/2000\/svg\" viewbox=\"0 0 512 512\"><path fill=\"currentColor\" d=\"M502.6 278.6c12.5-12.5 12.5-32.8 0-45.3l-160-160c-12.5-12.5-32.8-12.5-45.3 0s-12.5 32.8 0 45.3L402.7 224 32 224c-17.7 0-32 14.3-32 32s14.3 32 32 32l370.7 0-105.4 105.4c-12.5 12.5-12.5 32.8 0 45.3s32.8 12.5 45.3 0l160-160z\"><\/path><\/svg><\/span>&nbsp;Read <a href=\"https:\/\/jeremyrobert.net\/en\/cookie-policy\/\" title=\"Cookie Policies\">Cookie Policies<\/a><\/p>\n\n\n\n<h2 class=\"wp-block-heading\">Embedded content from other websites<\/h2>\n\n\n\n<p>Articles on this site may include embedded content (e.g. videos, images, articles, etc.). Embedded content from other websites behaves in exactly the same way as if the visitor had visited that other website.<\/p>\n\n\n\n<p>These websites may collect data about you, use cookies, embed additional third-party tracking, and monitor your interaction with that embedded content, including tracking your interaction with the embedded content if you have an account and are logged in to that website.<\/p>\n\n\n\n<h2 class=\"wp-block-heading\">Who do we share your data with?<\/h2>\n\n\n\n<p>The data provided when a visitor leaves a comment is only shared with the Gravatar avatar centralisation service and the Askimet anti-spam service.<\/p>\n\n\n\n<p>Data transmitted via the contact form is not shared. <\/p>\n\n\n\n<h2 class=\"wp-block-heading\">How long do we keep your data?<\/h2>\n\n\n\n<p>If you leave a comment, it and its metadata are retained indefinitely. This allows us to automatically recognise and approve subsequent comments, rather than leaving them in the moderation queue.<\/p>\n\n\n\n<p>If you send me a message via the contact form, the information you enter is not stored, but only sent by email.<\/p>\n\n\n\n<h2 class=\"wp-block-heading\">What rights do you have over your data?<\/h2>\n\n\n\n<p>If you have left comments, you can request to receive a file containing all the personal data we hold about you, including that which you have provided to us. You can also request the deletion of all personal data concerning you. This does not include data that we are required to retain for administrative, legal or security purposes.<\/p>\n\n\n\n<h2 class=\"wp-block-heading\">Where are your data sent?<\/h2>\n\n\n\n<p>Visitor comments may be checked through an automated spam detection service.<\/p>","protected":false},"excerpt":{"rendered":"<p>Qui suis-je ? J\u00e9r\u00e9my Robert, jeune joueur de padel.L&rsquo;adresse de mon site web est : https:\/\/jeremyrobert.net Commentaires Lorsqu&rsquo;un visiteur laisse un commentaires sur le site, nous collectons les donn\u00e9es affich\u00e9es dans le formulaire de commentaires, ainsi que l\u2019adresse IP du visiteur et la cha\u00eene de l\u2019agent utilisateur du navigateur pour aider \u00e0 la d\u00e9tection du [&hellip;]<\/p>\n","protected":false},"author":1,"featured_media":0,"parent":0,"menu_order":7,"comment_status":"closed","ping_status":"closed","template":"","meta":{"footnotes":""},"class_list":["post-3","page","type-page","status-publish","hentry"],"jetpack_sharing_enabled":false,"_links":{"self":[{"href":"https:\/\/jeremyrobert.net\/en\/wp-json\/wp\/v2\/pages\/3","targetHints":{"allow":["GET"]}}],"collection":[{"href":"https:\/\/jeremyrobert.net\/en\/wp-json\/wp\/v2\/pages"}],"about":[{"href":"https:\/\/jeremyrobert.net\/en\/wp-json\/wp\/v2\/types\/page"}],"author":[{"embeddable":true,"href":"https:\/\/jeremyrobert.net\/en\/wp-json\/wp\/v2\/users\/1"}],"replies":[{"embeddable":true,"href":"https:\/\/jeremyrobert.net\/en\/wp-json\/wp\/v2\/comments?post=3"}],"version-history":[{"count":13,"href":"https:\/\/jeremyrobert.net\/en\/wp-json\/wp\/v2\/pages\/3\/revisions"}],"predecessor-version":[{"id":5418,"href":"https:\/\/jeremyrobert.net\/en\/wp-json\/wp\/v2\/pages\/3\/revisions\/5418"}],"wp:attachment":[{"href":"https:\/\/jeremyrobert.net\/en\/wp-json\/wp\/v2\/media?parent=3"}],"curies":[{"name":"wp","href":"https:\/\/api.w.org\/{rel}","templated":true}]}}