{"id":3084,"date":"2025-08-13T16:19:33","date_gmt":"2025-08-13T16:19:33","guid":{"rendered":"https:\/\/jeremyrobert.net\/?page_id=3084"},"modified":"2025-09-02T11:01:13","modified_gmt":"2025-09-02T09:01:13","slug":"actualites-padel","status":"publish","type":"page","link":"https:\/\/jeremyrobert.net\/en\/actualites-padel\/","title":{"rendered":"All my news"},"content":{"rendered":"<p>Here you will find all the news published over time about my passion for padel. Victories, memorable moments, training courses and memories...<\/p>\n\n\n\n<div class=\"wp-block-group is-layout-constrained wp-container-core-group-is-layout-e555385e wp-block-group-is-layout-constrained\">\n<div class=\"wp-block-query is-layout-flow wp-block-query-is-layout-flow\"><ul class=\"is-style-default wp-block-post-template is-layout-grid wp-container-core-post-template-is-layout-ec841e35 wp-block-post-template-is-layout-grid\"><li class=\"wp-block-post post-6710 post type-post status-publish format-standard has-post-thumbnail hentry category-actualites category-palmares tag-p1500 tag-victoire\">\n\n<div class=\"wp-block-group is-layout-flow wp-container-core-group-is-layout-069b10f1 wp-block-group-is-layout-flow\" style=\"padding-top:0px;padding-right:0px;padding-bottom:0px;padding-left:0px\"><figure style=\"margin-bottom:10px;\" class=\"hover-scale wp-block-post-featured-image\"><a href=\"https:\/\/jeremyrobert.net\/en\/p1500-padelshot-metz\/\" target=\"_self\"  ><img loading=\"lazy\" decoding=\"async\" width=\"1170\" height=\"801\" src=\"https:\/\/jeremyrobert.net\/wp-content\/uploads\/2026-p1500-padelshot-metz-1170x801.jpg\" class=\"attachment-post-thumbnail size-post-thumbnail wp-post-image\" alt=\"P1500 PadelShot Metz\" style=\"object-fit:cover;\" srcset=\"https:\/\/jeremyrobert.net\/wp-content\/uploads\/2026-p1500-padelshot-metz-1170x801.jpg 1170w, https:\/\/jeremyrobert.net\/wp-content\/uploads\/2026-p1500-padelshot-metz-300x205.jpg 300w, https:\/\/jeremyrobert.net\/wp-content\/uploads\/2026-p1500-padelshot-metz-1024x701.jpg 1024w, https:\/\/jeremyrobert.net\/wp-content\/uploads\/2026-p1500-padelshot-metz-768x526.jpg 768w, https:\/\/jeremyrobert.net\/wp-content\/uploads\/2026-p1500-padelshot-metz-18x12.jpg 18w, https:\/\/jeremyrobert.net\/wp-content\/uploads\/2026-p1500-padelshot-metz.jpg 1298w\" sizes=\"auto, (max-width: 1170px) 100vw, 1170px\" \/><\/a><\/figure>\n\n<h2 class=\"has-link-color wp-elements-3083b341f871dd76feed9838e373385a wp-block-post-title has-text-color has-background-color has-base-font-size\"><a href=\"https:\/\/jeremyrobert.net\/en\/p1500-padelshot-metz\/\" target=\"_self\" >P1500 PadelShot Metz<\/a><\/h2>\n\n<div class=\"wp-block-post-date has-tiny-font-size\"><time datetime=\"2026-04-26T20:05:42+02:00\">26 April 2026<\/time><\/div>\n\n<div class=\"wp-block-post-excerpt has-small-font-size\"><p class=\"wp-block-post-excerpt__excerpt\">Un d\u00e9fi comme les aiment J\u00e9r\u00e9my et Lucas. Paire n\u00b012 du tournoi, ils ont d\u00e9livr\u00e9 un excellent niveau de padel pour remporter le P1500 du PadelShot Metz. <\/p><\/div><\/div>\n\n<\/li><li class=\"wp-block-post post-6520 post type-post status-publish format-standard has-post-thumbnail hentry category-actualites tag-fip\">\n\n<div class=\"wp-block-group is-layout-flow wp-container-core-group-is-layout-069b10f1 wp-block-group-is-layout-flow\" style=\"padding-top:0px;padding-right:0px;padding-bottom:0px;padding-left:0px\"><figure style=\"margin-bottom:10px;\" class=\"hover-scale wp-block-post-featured-image\"><a href=\"https:\/\/jeremyrobert.net\/en\/fip-platinum-marseille\/\" target=\"_self\"  ><img loading=\"lazy\" decoding=\"async\" width=\"1093\" height=\"748\" src=\"https:\/\/jeremyrobert.net\/wp-content\/uploads\/2026-fip-platinum-marseille.jpg\" class=\"attachment-post-thumbnail size-post-thumbnail wp-post-image\" alt=\"FIP Platinum Marseille\" style=\"object-fit:cover;\" srcset=\"https:\/\/jeremyrobert.net\/wp-content\/uploads\/2026-fip-platinum-marseille.jpg 1093w, https:\/\/jeremyrobert.net\/wp-content\/uploads\/2026-fip-platinum-marseille-300x205.jpg 300w, https:\/\/jeremyrobert.net\/wp-content\/uploads\/2026-fip-platinum-marseille-1024x701.jpg 1024w, https:\/\/jeremyrobert.net\/wp-content\/uploads\/2026-fip-platinum-marseille-768x526.jpg 768w, https:\/\/jeremyrobert.net\/wp-content\/uploads\/2026-fip-platinum-marseille-18x12.jpg 18w\" sizes=\"auto, (max-width: 1093px) 100vw, 1093px\" \/><\/a><\/figure>\n\n<h2 class=\"has-link-color wp-elements-3083b341f871dd76feed9838e373385a wp-block-post-title has-text-color has-background-color has-base-font-size\"><a href=\"https:\/\/jeremyrobert.net\/en\/fip-platinum-marseille\/\" target=\"_self\" >FIP Platinum Marseille<\/a><\/h2>\n\n<div class=\"wp-block-post-date has-tiny-font-size\"><time datetime=\"2026-02-04T14:06:00+01:00\">4 February 2026<\/time><\/div>\n\n<div class=\"wp-block-post-excerpt has-small-font-size\"><p class=\"wp-block-post-excerpt__excerpt\">J\u00e9r\u00e9my et Yoan sortent des qualifications en r\u00e9alisant une belle performance mais chutent au premier tour face aux r\u00e9cents gagnants du FIP de Caen. <\/p><\/div><\/div>\n\n<\/li><li class=\"wp-block-post post-6581 post type-post status-publish format-standard has-post-thumbnail hentry category-actualites tag-championnats tag-fft-2\">\n\n<div class=\"wp-block-group is-layout-flow wp-container-core-group-is-layout-069b10f1 wp-block-group-is-layout-flow\" style=\"padding-top:0px;padding-right:0px;padding-bottom:0px;padding-left:0px\"><figure style=\"margin-bottom:10px;\" class=\"hover-scale wp-block-post-featured-image\"><a href=\"https:\/\/jeremyrobert.net\/en\/championnats-de-france-interclubs-n1-2026\/\" target=\"_self\"  ><img loading=\"lazy\" decoding=\"async\" width=\"1170\" height=\"801\" src=\"https:\/\/jeremyrobert.net\/wp-content\/uploads\/championnats-interclubs-2026.jpg\" class=\"attachment-post-thumbnail size-post-thumbnail wp-post-image\" alt=\"Championnats de France N1\" style=\"object-fit:cover;\" srcset=\"https:\/\/jeremyrobert.net\/wp-content\/uploads\/championnats-interclubs-2026.jpg 1170w, https:\/\/jeremyrobert.net\/wp-content\/uploads\/championnats-interclubs-2026-300x205.jpg 300w, https:\/\/jeremyrobert.net\/wp-content\/uploads\/championnats-interclubs-2026-1024x701.jpg 1024w, https:\/\/jeremyrobert.net\/wp-content\/uploads\/championnats-interclubs-2026-768x526.jpg 768w, https:\/\/jeremyrobert.net\/wp-content\/uploads\/championnats-interclubs-2026-18x12.jpg 18w\" sizes=\"auto, (max-width: 1170px) 100vw, 1170px\" \/><\/a><\/figure>\n\n<h2 class=\"has-link-color wp-elements-3083b341f871dd76feed9838e373385a wp-block-post-title has-text-color has-background-color has-base-font-size\"><a href=\"https:\/\/jeremyrobert.net\/en\/championnats-de-france-interclubs-n1-2026\/\" target=\"_self\" >Championnats de France N1<\/a><\/h2>\n\n<div class=\"wp-block-post-date has-tiny-font-size\"><time datetime=\"2026-02-01T16:07:00+01:00\">1 February 2026<\/time><\/div>\n\n<div class=\"wp-block-post-excerpt has-small-font-size\"><p class=\"wp-block-post-excerpt__excerpt\">Une superbe 4\u00e8me place pour la All In Padel 69. Johan Bergeron a su tirer le meilleur de son \u00e9quipe jusqu&rsquo;\u00e0 r\u00e9aliser l&rsquo;exploit de se qualifier pour les demi-finales. <\/p><\/div><\/div>\n\n<\/li><li class=\"wp-block-post post-6510 post type-post status-publish format-standard has-post-thumbnail hentry category-actualites tag-fip\">\n\n<div class=\"wp-block-group is-layout-flow wp-container-core-group-is-layout-069b10f1 wp-block-group-is-layout-flow\" style=\"padding-top:0px;padding-right:0px;padding-bottom:0px;padding-left:0px\"><figure style=\"margin-bottom:10px;\" class=\"hover-scale wp-block-post-featured-image\"><a href=\"https:\/\/jeremyrobert.net\/en\/fip-silver-caen-2026\/\" target=\"_self\"  ><img loading=\"lazy\" decoding=\"async\" width=\"1051\" height=\"720\" src=\"https:\/\/jeremyrobert.net\/wp-content\/uploads\/2026-fip-silver-caen.jpg\" class=\"attachment-post-thumbnail size-post-thumbnail wp-post-image\" alt=\"FIP Silver Caen\" style=\"object-fit:cover;\" srcset=\"https:\/\/jeremyrobert.net\/wp-content\/uploads\/2026-fip-silver-caen.jpg 1051w, https:\/\/jeremyrobert.net\/wp-content\/uploads\/2026-fip-silver-caen-300x206.jpg 300w, https:\/\/jeremyrobert.net\/wp-content\/uploads\/2026-fip-silver-caen-1024x702.jpg 1024w, https:\/\/jeremyrobert.net\/wp-content\/uploads\/2026-fip-silver-caen-768x526.jpg 768w, https:\/\/jeremyrobert.net\/wp-content\/uploads\/2026-fip-silver-caen-18x12.jpg 18w\" sizes=\"auto, (max-width: 1051px) 100vw, 1051px\" \/><\/a><\/figure>\n\n<h2 class=\"has-link-color wp-elements-3083b341f871dd76feed9838e373385a wp-block-post-title has-text-color has-background-color has-base-font-size\"><a href=\"https:\/\/jeremyrobert.net\/en\/fip-silver-caen-2026\/\" target=\"_self\" >FIP Silver Caen<\/a><\/h2>\n\n<div class=\"wp-block-post-date has-tiny-font-size\"><time datetime=\"2026-01-23T18:30:00+01:00\">23 January 2026<\/time><\/div>\n\n<div class=\"wp-block-post-excerpt has-small-font-size\"><p class=\"wp-block-post-excerpt__excerpt\">Un tirage difficile pour le premier FIP de l&rsquo;ann\u00e9e. J\u00e9r\u00e9my Robert et Yoan Boronad n&rsquo;ont trouv\u00e9 aucune solution pour rivaliser avec les futurs vainqueurs du tournoi. <\/p><\/div><\/div>\n\n<\/li><li class=\"wp-block-post post-6390 post type-post status-publish format-standard has-post-thumbnail hentry category-actualites tag-p2000\">\n\n<div class=\"wp-block-group is-layout-flow wp-container-core-group-is-layout-069b10f1 wp-block-group-is-layout-flow\" style=\"padding-top:0px;padding-right:0px;padding-bottom:0px;padding-left:0px\"><figure style=\"margin-bottom:10px;\" class=\"hover-scale wp-block-post-featured-image\"><a href=\"https:\/\/jeremyrobert.net\/en\/p2000-4padel-bordeaux\/\" target=\"_self\"  ><img loading=\"lazy\" decoding=\"async\" width=\"1170\" height=\"802\" src=\"https:\/\/jeremyrobert.net\/wp-content\/uploads\/2026_P2000_4Padel_Bordeaux_8eme_finale-1170x802.jpg\" class=\"attachment-post-thumbnail size-post-thumbnail wp-post-image\" alt=\"P2000 4Padel Bordeaux\" style=\"object-fit:cover;\" srcset=\"https:\/\/jeremyrobert.net\/wp-content\/uploads\/2026_P2000_4Padel_Bordeaux_8eme_finale-1170x802.jpg 1170w, https:\/\/jeremyrobert.net\/wp-content\/uploads\/2026_P2000_4Padel_Bordeaux_8eme_finale-300x206.jpg 300w, https:\/\/jeremyrobert.net\/wp-content\/uploads\/2026_P2000_4Padel_Bordeaux_8eme_finale-1024x702.jpg 1024w, https:\/\/jeremyrobert.net\/wp-content\/uploads\/2026_P2000_4Padel_Bordeaux_8eme_finale-768x526.jpg 768w, https:\/\/jeremyrobert.net\/wp-content\/uploads\/2026_P2000_4Padel_Bordeaux_8eme_finale-1536x1052.jpg 1536w, https:\/\/jeremyrobert.net\/wp-content\/uploads\/2026_P2000_4Padel_Bordeaux_8eme_finale-2048x1403.jpg 2048w, https:\/\/jeremyrobert.net\/wp-content\/uploads\/2026_P2000_4Padel_Bordeaux_8eme_finale-18x12.jpg 18w\" sizes=\"auto, (max-width: 1170px) 100vw, 1170px\" \/><\/a><\/figure>\n\n<h2 class=\"has-link-color wp-elements-3083b341f871dd76feed9838e373385a wp-block-post-title has-text-color has-background-color has-base-font-size\"><a href=\"https:\/\/jeremyrobert.net\/en\/p2000-4padel-bordeaux\/\" target=\"_self\" >P2000 4Padel Bordeaux<\/a><\/h2>\n\n<div class=\"wp-block-post-date has-tiny-font-size\"><time datetime=\"2026-01-18T17:00:00+01:00\">18 January 2026<\/time><\/div>\n\n<div class=\"wp-block-post-excerpt has-small-font-size\"><p class=\"wp-block-post-excerpt__excerpt\">Compliqu\u00e9 mais riche d&rsquo;enseignement d&rsquo;affronter les num\u00e9ros 1 et 2 fran\u00e7ais en 8\u00e8me de finale d&rsquo;un P2000. J\u00e9r\u00e9my et Olivier n&rsquo;ont pas d\u00e9m\u00e9rit\u00e9 et s&rsquo;inclinent apr\u00e8s une belle partie. <\/p><\/div><\/div>\n\n<\/li><li class=\"wp-block-post post-6419 post type-post status-publish format-standard has-post-thumbnail hentry category-actualites tag-p1000\">\n\n<div class=\"wp-block-group is-layout-flow wp-container-core-group-is-layout-069b10f1 wp-block-group-is-layout-flow\" style=\"padding-top:0px;padding-right:0px;padding-bottom:0px;padding-left:0px\"><figure style=\"margin-bottom:10px;\" class=\"hover-scale wp-block-post-featured-image\"><a href=\"https:\/\/jeremyrobert.net\/en\/record-battu-en-p1000\/\" target=\"_self\"  ><img loading=\"lazy\" decoding=\"async\" width=\"1170\" height=\"801\" src=\"https:\/\/jeremyrobert.net\/wp-content\/uploads\/2025_nouveau_record_victoire_p1000-1170x801.jpg\" class=\"attachment-post-thumbnail size-post-thumbnail wp-post-image\" alt=\"Victoire en P1000, nouveau record\" style=\"object-fit:cover;\" srcset=\"https:\/\/jeremyrobert.net\/wp-content\/uploads\/2025_nouveau_record_victoire_p1000-1170x801.jpg 1170w, https:\/\/jeremyrobert.net\/wp-content\/uploads\/2025_nouveau_record_victoire_p1000-300x205.jpg 300w, https:\/\/jeremyrobert.net\/wp-content\/uploads\/2025_nouveau_record_victoire_p1000-1024x701.jpg 1024w, https:\/\/jeremyrobert.net\/wp-content\/uploads\/2025_nouveau_record_victoire_p1000-768x526.jpg 768w, https:\/\/jeremyrobert.net\/wp-content\/uploads\/2025_nouveau_record_victoire_p1000-1536x1052.jpg 1536w, https:\/\/jeremyrobert.net\/wp-content\/uploads\/2025_nouveau_record_victoire_p1000-18x12.jpg 18w, https:\/\/jeremyrobert.net\/wp-content\/uploads\/2025_nouveau_record_victoire_p1000.jpg 1577w\" sizes=\"auto, (max-width: 1170px) 100vw, 1170px\" \/><\/a><\/figure>\n\n<h2 class=\"has-link-color wp-elements-3083b341f871dd76feed9838e373385a wp-block-post-title has-text-color has-background-color has-base-font-size\"><a href=\"https:\/\/jeremyrobert.net\/en\/record-battu-en-p1000\/\" target=\"_self\" >Victoire en P1000, nouveau record<\/a><\/h2>\n\n<div class=\"wp-block-post-date has-tiny-font-size\"><time datetime=\"2025-12-21T18:55:00+01:00\">21 December 2025<\/time><\/div>\n\n<div class=\"wp-block-post-excerpt has-small-font-size\"><p class=\"wp-block-post-excerpt__excerpt\">Sacha Huard de la Marre, 14 ans, et Nathan Perrot, 15 ans, la plus jeune paire \u00e0 remporter un P1000, en s&rsquo;imposant le 21 d\u00e9cembre 2025 P1000 Padel Tolosa Rodez. <\/p><\/div><\/div>\n\n<\/li><\/ul>\n\n<nav class=\"has-link-color wp-elements-083790ae179255e2682a0980f571e276 wp-block-query-pagination has-text-color has-background-color is-content-justification-center is-layout-flex wp-container-core-query-pagination-is-layout-a89b3969 wp-block-query-pagination-is-layout-flex\" aria-label=\"Pagination\">\n\n\n<div class=\"wp-block-query-pagination-numbers\"><span aria-current=\"page\" class=\"page-numbers current\">1<\/span>\n<a class=\"page-numbers\" href=\"?query-51-page=2\">2<\/a>\n<a class=\"page-numbers\" href=\"?query-51-page=3\">3<\/a>\n<span class=\"page-numbers dots\">&hellip;<\/span>\n<a class=\"page-numbers\" href=\"?query-51-page=6\">6<\/a><\/div>\n\n<a href=\"\/en\/wp-json\/wp\/v2\/pages\/3084?query-51-page=2\" class=\"wp-block-query-pagination-next\">Next Page<\/a>\n<\/nav><\/div>\n<\/div>","protected":false},"excerpt":{"rendered":"<p>Here you will find all the news published over time about my passion for padel. Victories, memorable moments, training courses and memories...<\/p>","protected":false},"author":1,"featured_media":0,"parent":0,"menu_order":3,"comment_status":"closed","ping_status":"closed","template":"","meta":{"footnotes":""},"class_list":["post-3084","page","type-page","status-publish","hentry"],"jetpack_sharing_enabled":true,"_links":{"self":[{"href":"https:\/\/jeremyrobert.net\/en\/wp-json\/wp\/v2\/pages\/3084","targetHints":{"allow":["GET"]}}],"collection":[{"href":"https:\/\/jeremyrobert.net\/en\/wp-json\/wp\/v2\/pages"}],"about":[{"href":"https:\/\/jeremyrobert.net\/en\/wp-json\/wp\/v2\/types\/page"}],"author":[{"embeddable":true,"href":"https:\/\/jeremyrobert.net\/en\/wp-json\/wp\/v2\/users\/1"}],"replies":[{"embeddable":true,"href":"https:\/\/jeremyrobert.net\/en\/wp-json\/wp\/v2\/comments?post=3084"}],"version-history":[{"count":16,"href":"https:\/\/jeremyrobert.net\/en\/wp-json\/wp\/v2\/pages\/3084\/revisions"}],"predecessor-version":[{"id":5239,"href":"https:\/\/jeremyrobert.net\/en\/wp-json\/wp\/v2\/pages\/3084\/revisions\/5239"}],"wp:attachment":[{"href":"https:\/\/jeremyrobert.net\/en\/wp-json\/wp\/v2\/media?parent=3084"}],"curies":[{"name":"wp","href":"https:\/\/api.w.org\/{rel}","templated":true}]}}