{"id":4147,"date":"2025-08-17T09:04:08","date_gmt":"2025-08-17T07:04:08","guid":{"rendered":"https:\/\/jeremyrobert.net\/cookie-policy\/"},"modified":"2025-10-28T00:15:36","modified_gmt":"2025-10-27T23:15:36","slug":"cookie-policy","status":"publish","type":"page","link":"https:\/\/jeremyrobert.net\/en\/cookie-policy\/","title":{"rendered":"Cookie Policies"},"content":{"rendered":"<p>This page provides information on how we use cookies on our website to improve your browsing experience, site performance and to provide you with personalised content. Cookies are small text files stored on your device when you visit our site. They help us understand how visitors interact with our website, enabling us to provide you with a smoother and more efficient user experience. The table below provides detailed information about each type of cookie used, its purpose and how long it is stored on your device. We are committed to respecting your privacy and being transparent about the data we collect through cookies.<\/p>\n\n\n\n<h4 class=\"wp-block-heading\">Essential cookies<\/h4>\n\n\n\n<p>Essential cookies enable basic functions and are necessary for the website to work properly.<\/p>\n\n\n\n<figure class=\"wp-block-table is-style-regular\"><table><tbody><tr><td class=\"has-text-align-center\" data-align=\"center\"><strong>Cookie name<\/strong><\/td><td class=\"has-text-align-center\" data-align=\"center\"><strong>Role<\/strong><\/td><td class=\"has-text-align-center\" data-align=\"center\"><strong>Duration<\/strong><\/td><\/tr><tr><td class=\"has-text-align-center\" data-align=\"center\">wpconsent_preferences<\/td><td class=\"has-text-align-center\" data-align=\"center\">This cookie is used to store the user's cookie consent preferences.<\/td><td class=\"has-text-align-center\" data-align=\"center\">30&nbsp;jours<\/td><\/tr><\/tbody><\/table><\/figure>\n\n\n\n<h4 class=\"wp-block-heading\">Optional cookies<\/h4>\n\n\n\n<p>Optional cookies are used to improve the user experience on the website. Users can choose whether or not to accept them in the interface as they appear.<\/p>\n\n\n\n<figure class=\"wp-block-table is-style-regular\"><table><tbody><tr><td class=\"has-text-align-center\" data-align=\"center\"><strong>Cookie name<\/strong><\/td><td class=\"has-text-align-center\" data-align=\"center\"><strong>Role<\/strong><\/td><td class=\"has-text-align-center\" data-align=\"center\"><strong>Duration<\/strong><\/td><\/tr><tr><td class=\"has-text-align-center\" data-align=\"center\"><\/td><td class=\"has-text-align-center\" data-align=\"center\">This optional cookie is used to store the name, e-mail address and website of visitors who leave comments. This cookie is intended solely for your convenience, so that you do not have to re-enter this information each time you leave a comment.<\/td><td class=\"has-text-align-center\" data-align=\"center\">1&nbsp;an<\/td><\/tr><\/tbody><\/table><\/figure>","protected":false},"excerpt":{"rendered":"<p>Cette page fournit des informations sur la mani\u00e8re dont nous utilisons les cookies sur notre site web afin d&rsquo;am\u00e9liorer votre exp\u00e9rience de navigation, les performances du site et de vous proposer un contenu personnalis\u00e9. Les cookies sont de petits fichiers texte stock\u00e9s sur votre appareil lorsque vous visitez notre site. Ils nous aident \u00e0 comprendre [&hellip;]<\/p>\n","protected":false},"author":1,"featured_media":0,"parent":0,"menu_order":6,"comment_status":"closed","ping_status":"closed","template":"","meta":{"footnotes":""},"class_list":["post-4147","page","type-page","status-publish","hentry"],"jetpack_sharing_enabled":false,"_links":{"self":[{"href":"https:\/\/jeremyrobert.net\/en\/wp-json\/wp\/v2\/pages\/4147","targetHints":{"allow":["GET"]}}],"collection":[{"href":"https:\/\/jeremyrobert.net\/en\/wp-json\/wp\/v2\/pages"}],"about":[{"href":"https:\/\/jeremyrobert.net\/en\/wp-json\/wp\/v2\/types\/page"}],"author":[{"embeddable":true,"href":"https:\/\/jeremyrobert.net\/en\/wp-json\/wp\/v2\/users\/1"}],"replies":[{"embeddable":true,"href":"https:\/\/jeremyrobert.net\/en\/wp-json\/wp\/v2\/comments?post=4147"}],"version-history":[{"count":11,"href":"https:\/\/jeremyrobert.net\/en\/wp-json\/wp\/v2\/pages\/4147\/revisions"}],"predecessor-version":[{"id":6329,"href":"https:\/\/jeremyrobert.net\/en\/wp-json\/wp\/v2\/pages\/4147\/revisions\/6329"}],"wp:attachment":[{"href":"https:\/\/jeremyrobert.net\/en\/wp-json\/wp\/v2\/media?parent=4147"}],"curies":[{"name":"wp","href":"https:\/\/api.w.org\/{rel}","templated":true}]}}