{"id":4647,"date":"2025-08-19T00:58:36","date_gmt":"2025-08-18T22:58:36","guid":{"rendered":"https:\/\/jeremyrobert.net\/?page_id=4647"},"modified":"2025-09-16T16:08:38","modified_gmt":"2025-09-16T14:08:38","slug":"a-propos","status":"publish","type":"page","link":"https:\/\/jeremyrobert.net\/en\/a-propos\/","title":{"rendered":"About"},"content":{"rendered":"<h4 class=\"wp-block-heading\">Purpose of the website<\/h4>\n\n\n\n<p>The purpose of the jeremyrobert.net website is to promote myself as a French padel player by sharing my daily life as an enthusiast. Through my anecdotes and stories, it also introduces people to padel, a sport that is still relatively new in France.<\/p>\n\n\n\n<h4 class=\"wp-block-heading\">Site content<\/h4>\n\n\n\n<p>On this site, you will find information about me (<a href=\"https:\/\/jeremyrobert.net\/en\/joueur-de-padel\/\">J\u00e9r\u00e9my, padel in his blood<\/a>), my results (<a href=\"https:\/\/jeremyrobert.net\/en\/palmares-padel\/\">Titles<\/a>) and my padel news (<a href=\"https:\/\/jeremyrobert.net\/en\/actualites-padel\/\">All my news<\/a>).<\/p>\n\n\n\n<p>The blog section (<a href=\"https:\/\/jeremyrobert.net\/en\/blog-padel\/\">The blog of a padel enthusiast<\/a>) offers more personal content. It includes articles where I share my daily life, my successes, my challenges and my encounters in the form of personal accounts.<\/p>\n\n\n\n<h4 class=\"wp-block-heading\">Translation<\/h4>\n\n\n\n<p>The multilingual feature is provided by the TranslatePress \u2013 Multilingual extension. Translations are done using the DeepL website. <a href=\"https:\/\/www.deepl.com\/fr\/translator\" target=\"_blank\" rel=\"noreferrer noopener nofollow\">DeepL<\/a>.<\/p>\n\n\n\n<h4 class=\"wp-block-heading\">Website pages<\/h4>\n\n\n<div class=\"wsp-container\"><ul class=\"wsp-pages-list\">\n<li class=\"page_item page-item-2964\"><a href=\"https:\/\/jeremyrobert.net\/en\/joueur-de-padel\/\">J\u00e9r\u00e9my, padel in his blood<\/a><\/li>\n<li class=\"page_item page-item-3087\"><a href=\"https:\/\/jeremyrobert.net\/en\/palmares-padel\/\">Titles<\/a><\/li>\n<li class=\"page_item page-item-3084\"><a href=\"https:\/\/jeremyrobert.net\/en\/actualites-padel\/\">All my news<\/a><\/li>\n<li class=\"page_item page-item-267\"><a href=\"https:\/\/jeremyrobert.net\/en\/blog-padel\/\">The blog of a padel enthusiast<\/a><\/li>\n<li class=\"page_item page-item-6112\"><a href=\"https:\/\/jeremyrobert.net\/en\/contactez-moi\/\">Contact me<\/a><\/li>\n<li class=\"page_item page-item-4147\"><a href=\"https:\/\/jeremyrobert.net\/en\/cookie-policy\/\">Cookie Policies<\/a><\/li>\n<li class=\"page_item page-item-3\"><a href=\"https:\/\/jeremyrobert.net\/en\/privacy-policy\/\">Privacy Policy<\/a><\/li>\n<li class=\"page_item page-item-4647\"><a href=\"https:\/\/jeremyrobert.net\/en\/a-propos\/\">About<\/a><\/li>\n<\/ul>\n<\/div>\n\n\n\n<h4 class=\"wp-block-heading\">Comments<\/h4>\n\n\n\n<p>Comments can only be made on blog articles. No authentication is required; simply provide your name and email address, which will not be shared or published. To limit abuse, each comment is subject to an anti-spam service and validated by a moderator before publication.<\/p>\n\n\n\n<h4 class=\"wp-block-heading\">Messages<\/h4>\n\n\n\n<p>If you wish to contact me, please use the form provided for this purpose. I will read each message carefully and respond if necessary.<\/p>\n\n\n\n<h4 class=\"wp-block-heading\">Data protection and cookie management<\/h4>\n\n\n\n<p>You can read our rules and commitments regarding data protection and cookie management on the following pages:<\/p>\n\n\n\n<ul class=\"wp-block-list\">\n<li><a href=\"https:\/\/jeremyrobert.net\/en\/cookie-policy\/\">Cookie Policies<\/a><\/li>\n\n\n\n<li><a href=\"https:\/\/jeremyrobert.net\/en\/privacy-policy\/\">Privacy Policy<\/a><\/li>\n<\/ul>","protected":false},"excerpt":{"rendered":"<p>Objectif du site Le site jeremyrobert.net a pour objectif de me faire conna\u00eetre comme joueur de padel fran\u00e7ais en partageant mon quotidien de passionn\u00e9. \u00c0 travers mes anecdotes et r\u00e9cits, il permet \u00e9galement de faire d\u00e9couvrir le padel, ce sport encore jeune en France. Contenu du site Sur ce site, vous trouverez des informations me [&hellip;]<\/p>\n","protected":false},"author":1,"featured_media":0,"parent":0,"menu_order":8,"comment_status":"closed","ping_status":"closed","template":"","meta":{"footnotes":""},"class_list":["post-4647","page","type-page","status-publish","hentry"],"jetpack_sharing_enabled":false,"_links":{"self":[{"href":"https:\/\/jeremyrobert.net\/en\/wp-json\/wp\/v2\/pages\/4647","targetHints":{"allow":["GET"]}}],"collection":[{"href":"https:\/\/jeremyrobert.net\/en\/wp-json\/wp\/v2\/pages"}],"about":[{"href":"https:\/\/jeremyrobert.net\/en\/wp-json\/wp\/v2\/types\/page"}],"author":[{"embeddable":true,"href":"https:\/\/jeremyrobert.net\/en\/wp-json\/wp\/v2\/users\/1"}],"replies":[{"embeddable":true,"href":"https:\/\/jeremyrobert.net\/en\/wp-json\/wp\/v2\/comments?post=4647"}],"version-history":[{"count":36,"href":"https:\/\/jeremyrobert.net\/en\/wp-json\/wp\/v2\/pages\/4647\/revisions"}],"predecessor-version":[{"id":6221,"href":"https:\/\/jeremyrobert.net\/en\/wp-json\/wp\/v2\/pages\/4647\/revisions\/6221"}],"wp:attachment":[{"href":"https:\/\/jeremyrobert.net\/en\/wp-json\/wp\/v2\/media?parent=4647"}],"curies":[{"name":"wp","href":"https:\/\/api.w.org\/{rel}","templated":true}]}}